{"id":193,"date":"2022-12-13T09:01:40","date_gmt":"2022-12-13T09:01:40","guid":{"rendered":"https:\/\/promenade8.ch\/wordpress\/?page_id=193"},"modified":"2024-07-22T13:11:01","modified_gmt":"2024-07-22T13:11:01","slug":"infos","status":"publish","type":"page","link":"https:\/\/promenade8.ch\/wordpress\/index.php\/teluro\/infos\/","title":{"rendered":"Infos"},"content":{"rendered":"<div data-colibri-id=\"193-c1\" class=\"style-423 style-local-193-c1 position-relative\">\n  <!---->\n  <div data-colibri-component=\"section\" data-colibri-id=\"193-c2\" id=\"initial-content\" class=\"h-section h-section-global-spacing d-flex align-items-lg-center align-items-md-center align-items-center style-424 style-local-193-c2 position-relative\">\n    <!---->\n    <!---->\n    <div class=\"h-section-grid-container h-section-boxed-container\">\n      <!---->\n      <div data-colibri-id=\"193-c3\" class=\"h-row-container gutters-row-lg-0 gutters-row-md-0 gutters-row-0 gutters-row-v-lg-0 gutters-row-v-md-0 gutters-row-v-0 style-425 style-local-193-c3 position-relative\">\n        <!---->\n        <div class=\"h-row justify-content-lg-center justify-content-md-center justify-content-center align-items-lg-stretch align-items-md-stretch align-items-stretch gutters-col-lg-0 gutters-col-md-0 gutters-col-0 gutters-col-v-lg-0 gutters-col-v-md-0 gutters-col-v-0\">\n          <!---->\n          <div class=\"h-column h-column-container d-flex h-col-lg-auto h-col-md-auto h-col-auto style-426-outer style-local-193-c4-outer\">\n            <div data-colibri-id=\"193-c4\" class=\"d-flex h-flex-basis h-column__inner h-px-lg-0 h-px-md-0 h-px-0 v-inner-lg-0 v-inner-md-0 v-inner-0 style-426 style-local-193-c4 position-relative\">\n              <!---->\n              <!---->\n              <div class=\"w-100 h-y-container h-column__content h-column__v-align flex-basis-100 align-self-lg-start align-self-md-start align-self-start\">\n                <!---->\n                <div data-colibri-id=\"193-c5\" class=\"h-global-transition-all h-heading style-434 style-local-193-c5 position-relative h-element\">\n                  <!---->\n                  <div class=\"h-heading__outer style-434 style-local-193-c5\">\n                    <!---->\n                    <!---->\n                    <h3 class=\"\">Die Wohnung liegt im 1. Obergeschoss<\/h3>\n                  <\/div>\n                <\/div>\n                <div data-colibri-id=\"193-c6\" class=\"h-row-container gutters-row-lg-1 gutters-row-md-1 gutters-row-0 gutters-row-v-lg-1 gutters-row-v-md-1 gutters-row-v-1 style-428 style-local-193-c6 position-relative\">\n                  <!---->\n                  <div class=\"h-row justify-content-lg-center justify-content-md-center justify-content-center align-items-lg-stretch align-items-md-stretch align-items-stretch gutters-col-lg-1 gutters-col-md-1 gutters-col-0 gutters-col-v-lg-1 gutters-col-v-md-1 gutters-col-v-1\">\n                    <!---->\n                    <div class=\"h-column h-column-container d-flex h-col-lg-auto h-col-md-auto h-col-auto style-429-outer style-local-193-c7-outer\">\n                      <div data-colibri-id=\"193-c7\" class=\"d-flex h-flex-basis h-column__inner h-px-lg-0 h-px-md-0 h-px-0 v-inner-lg-0 v-inner-md-0 v-inner-0 style-429 style-local-193-c7 position-relative\">\n                        <!---->\n                        <!---->\n                        <div class=\"w-100 h-y-container h-column__content h-column__v-align flex-basis-100 align-self-lg-start align-self-md-start align-self-start\">\n                          <!---->\n                          <div data-colibri-id=\"193-c8\" class=\"d-block style-435 style-local-193-c8 position-relative h-element\">\n                            <!---->\n                            <div class=\"h-image__frame-container-outer\">\n                              <div class=\"h-image__frame-container\">\n                                <!---->\n                                <!---->\n                                <img loading=\"lazy\" decoding=\"async\" width=\"1129\" height=\"1478\" src=\"https:\/\/promenade8.ch\/wordpress\/wp-content\/uploads\/2023\/08\/cropped-p8_og1_bestand_20230806_1200dpi_LR_1600px.jpg\" class=\"wp-image-597 style-435-image style-local-193-c8-image\" alt=\"\" srcset=\"https:\/\/promenade8.ch\/wordpress\/wp-content\/uploads\/2023\/08\/cropped-p8_og1_bestand_20230806_1200dpi_LR_1600px.jpg 1129w, https:\/\/promenade8.ch\/wordpress\/wp-content\/uploads\/2023\/08\/cropped-p8_og1_bestand_20230806_1200dpi_LR_1600px-229x300.jpg 229w, https:\/\/promenade8.ch\/wordpress\/wp-content\/uploads\/2023\/08\/cropped-p8_og1_bestand_20230806_1200dpi_LR_1600px-782x1024.jpg 782w, https:\/\/promenade8.ch\/wordpress\/wp-content\/uploads\/2023\/08\/cropped-p8_og1_bestand_20230806_1200dpi_LR_1600px-768x1005.jpg 768w\" sizes=\"auto, (max-width: 1129px) 100vw, 1129px\" \/>\n                                <div class=\"h-image__frame h-hide-lg h-hide-md h-hide-sm style-435-frameImage style-local-193-c8-frameImage\"><\/div>\n                              <\/div>\n                            <\/div>\n                          <\/div>\n                        <\/div>\n                      <\/div>\n                    <\/div>\n                    <div class=\"h-column h-column-container d-flex h-col-lg-auto h-col-md-auto h-col-auto style-430-outer style-local-193-c9-outer\">\n                      <div data-colibri-id=\"193-c9\" class=\"d-flex h-flex-basis h-column__inner h-px-lg-0 h-px-md-0 h-px-0 v-inner-lg-0 v-inner-md-0 v-inner-0 style-430 style-local-193-c9 position-relative\">\n                        <!---->\n                        <!---->\n                        <div class=\"w-100 h-y-container h-column__content h-column__v-align flex-basis-100 align-self-lg-start align-self-md-start align-self-start\">\n                          <!---->\n                          <div data-colibri-id=\"193-c10\" class=\"h-text h-text-component style-436 style-local-193-c10 position-relative h-element\">\n                            <!---->\n                            <!---->\n                            <div class=\"\">\n                              <p>Die Wohnung ist als private Ferienwohnung eingerichtet<\/p>\n                              <ul>\n                                <li>ideal f\u00fcr Familien<\/li>\n                                <li>Gute Lage: Bushaltestelle vor dem Haus,\n                                  <br><span style=\"font-weight: 400; font-size: 20.8px; font-family: &quot;Open Sans&quot;; color: rgb(51, 51, 51);\">10 Minuten zu Fuss vom Bahnhof Davos Platz<\/span><\/li>\n                                <li>gem\u00fctlicher heller Wohnraum, grosse Fensterfront mit\n                                  <br>Aussicht auf das Tinzenhorn<\/li>\n                                <li>diverse Schlafm\u00f6glichkeiten:\n                                  <br>&nbsp;&nbsp;1 Doppelbett 1.60 m;\n                                  <br>&nbsp;&nbsp;1 grosses Bett 1.40 m;\n                                  <br>&nbsp;&nbsp;1 Ausziehbett 2 x 0.90 m<\/li>\n                                <li>K\u00fcche mit Geschirrsp\u00fcler, Dampfabzug und Backofen.\n                                  <br>Die notwendigen Lebensmittel (\u00d6l, Essig, &#8230;) sind vorhanden<\/li>\n                                <li>1 Parkplatz gratis beim Haus<\/li>\n                                <li>Skiraum im Keller mit direktem Zugang vom Spitalweg;\n                                  <br>in 10 Minuten zu Fuss zum Sessellift Bolgen (Skigebiet Jakobshorn)<\/li>\n                                <li>idealer Ausgangspunkt f\u00fcr Wanderungen im Sommer wie auch im Winter<\/li>\n                              <\/ul>\n                              <p>\n                                <br>\n                              <\/p>\n                              <p>\n                                <br>\n                              <\/p>\n                            <\/div>\n                          <\/div>\n                        <\/div>\n                      <\/div>\n                    <\/div>\n                  <\/div>\n                <\/div>\n                <div data-colibri-id=\"193-c18\" class=\"h-global-transition-all h-heading style-565 style-local-193-c18 position-relative h-element\">\n                  <!---->\n                  <div class=\"h-heading__outer style-565 style-local-193-c18\">\n                    <!---->\n                    <!---->\n                    <h3 class=\"\">Lage<\/h3>\n                  <\/div>\n                <\/div>\n                <div data-colibri-id=\"193-c14\" class=\"d-block style-561 style-local-193-c14 position-relative h-element\">\n                  <!---->\n                  <div class=\"h-image__frame-container-outer\">\n                    <div class=\"h-image__frame-container\">\n                      <!---->\n                      <!---->\n                      <img loading=\"lazy\" decoding=\"async\" width=\"2559\" height=\"2079\" src=\"https:\/\/promenade8.ch\/wordpress\/wp-content\/uploads\/2024\/07\/cropped-20240722_Davos-Ortsplan-illustriert_markiert_ausschnitt-scaled-1.jpg\" class=\"wp-image-721 style-561-image style-local-193-c14-image\" alt=\"\" srcset=\"https:\/\/promenade8.ch\/wordpress\/wp-content\/uploads\/2024\/07\/cropped-20240722_Davos-Ortsplan-illustriert_markiert_ausschnitt-scaled-1.jpg 2559w, https:\/\/promenade8.ch\/wordpress\/wp-content\/uploads\/2024\/07\/cropped-20240722_Davos-Ortsplan-illustriert_markiert_ausschnitt-scaled-1-300x244.jpg 300w, https:\/\/promenade8.ch\/wordpress\/wp-content\/uploads\/2024\/07\/cropped-20240722_Davos-Ortsplan-illustriert_markiert_ausschnitt-scaled-1-1024x832.jpg 1024w, https:\/\/promenade8.ch\/wordpress\/wp-content\/uploads\/2024\/07\/cropped-20240722_Davos-Ortsplan-illustriert_markiert_ausschnitt-scaled-1-768x624.jpg 768w, https:\/\/promenade8.ch\/wordpress\/wp-content\/uploads\/2024\/07\/cropped-20240722_Davos-Ortsplan-illustriert_markiert_ausschnitt-scaled-1-1536x1248.jpg 1536w, https:\/\/promenade8.ch\/wordpress\/wp-content\/uploads\/2024\/07\/cropped-20240722_Davos-Ortsplan-illustriert_markiert_ausschnitt-scaled-1-2048x1664.jpg 2048w\" sizes=\"auto, (max-width: 2559px) 100vw, 2559px\" \/>\n                      <div class=\"h-image__frame h-hide-lg h-hide-md h-hide-sm style-561-frameImage style-local-193-c14-frameImage\"><\/div>\n                    <\/div>\n                  <\/div>\n                <\/div>\n              <\/div>\n            <\/div>\n          <\/div>\n        <\/div>\n      <\/div>\n    <\/div>\n  <\/div>\n  <div data-colibri-component=\"section\" data-colibri-id=\"193-c11\" id=\"custom\" class=\"h-section h-section-global-spacing d-flex align-items-lg-center align-items-md-center align-items-center style-558 style-local-193-c11 position-relative\">\n    <!---->\n    <!---->\n    <div class=\"h-section-grid-container h-section-boxed-container\">\n      <!---->\n      <div data-colibri-id=\"193-c16\" class=\"h-row-container gutters-row-lg-2 gutters-row-md-2 gutters-row-0 gutters-row-v-lg-2 gutters-row-v-md-2 gutters-row-v-2 style-563 style-local-193-c16 position-relative\">\n        <!---->\n        <div class=\"h-row justify-content-lg-center justify-content-md-center justify-content-center align-items-lg-stretch align-items-md-stretch align-items-stretch gutters-col-lg-2 gutters-col-md-2 gutters-col-0 gutters-col-v-lg-2 gutters-col-v-md-2 gutters-col-v-2\">\n          <!---->\n          <div class=\"h-column h-column-container d-flex h-col-lg-auto h-col-md-auto h-col-auto style-564-outer style-local-193-c17-outer\">\n            <div data-colibri-id=\"193-c17\" class=\"d-flex h-flex-basis h-column__inner h-ui-empty-state-container h-px-lg-2 h-px-md-2 h-px-2 v-inner-lg-2 v-inner-md-2 v-inner-2 style-564 style-local-193-c17 position-relative\">\n              <!---->\n              <!---->\n              <div class=\"w-100 h-y-container h-column__content h-column__v-align flex-basis-100\">\n                <!---->\n              <\/div>\n            <\/div>\n          <\/div>\n        <\/div>\n      <\/div>\n      <div data-colibri-id=\"193-c12\" class=\"h-row-container gutters-row-lg-2 gutters-row-md-2 gutters-row-0 gutters-row-v-lg-2 gutters-row-v-md-2 gutters-row-v-2 style-559 style-local-193-c12 position-relative\">\n        <!---->\n        <div class=\"h-row justify-content-lg-center justify-content-md-center justify-content-center align-items-lg-stretch align-items-md-stretch align-items-stretch gutters-col-lg-2 gutters-col-md-2 gutters-col-0 gutters-col-v-lg-2 gutters-col-v-md-2 gutters-col-v-2\">\n          <!---->\n          <div class=\"h-column h-column-container d-flex h-col-lg-auto h-col-md-auto h-col-auto style-560-outer style-local-193-c13-outer\">\n            <div data-colibri-id=\"193-c13\" class=\"d-flex h-flex-basis h-column__inner h-ui-empty-state-container h-px-lg-2 h-px-md-2 h-px-2 v-inner-lg-2 v-inner-md-2 v-inner-2 style-560 style-local-193-c13 position-relative\">\n              <!---->\n              <!---->\n              <div class=\"w-100 h-y-container h-column__content h-column__v-align flex-basis-100\">\n                <!---->\n              <\/div>\n            <\/div>\n          <\/div>\n        <\/div>\n      <\/div>\n    <\/div>\n  <\/div>\n<\/div>","protected":false},"excerpt":{"rendered":"<p>Die Wohnung liegt im 1. Obergeschoss Die Wohnung ist als private Ferienwohnung eingerichtet ideal f\u00fcr Familien Gute Lage: Bushaltestelle vor dem Haus, 10 Minuten zu Fuss vom Bahnhof Davos Platz gem\u00fctlicher heller Wohnraum, grosse Fensterfront mit Aussicht auf das Tinzenhorn diverse Schlafm\u00f6glichkeiten: &nbsp;&nbsp;1 Doppelbett 1.60 m; &nbsp;&nbsp;1 grosses Bett 1.40 m; &nbsp;&nbsp;1 Ausziehbett 2 x [&hellip;]<\/p>\n","protected":false},"author":1,"featured_media":0,"parent":26,"menu_order":0,"comment_status":"closed","ping_status":"closed","template":"page-templates\/full-width-page.php","meta":{"footnotes":""},"class_list":["post-193","page","type-page","status-publish","hentry"],"_links":{"self":[{"href":"https:\/\/promenade8.ch\/wordpress\/index.php\/wp-json\/wp\/v2\/pages\/193","targetHints":{"allow":["GET"]}}],"collection":[{"href":"https:\/\/promenade8.ch\/wordpress\/index.php\/wp-json\/wp\/v2\/pages"}],"about":[{"href":"https:\/\/promenade8.ch\/wordpress\/index.php\/wp-json\/wp\/v2\/types\/page"}],"author":[{"embeddable":true,"href":"https:\/\/promenade8.ch\/wordpress\/index.php\/wp-json\/wp\/v2\/users\/1"}],"replies":[{"embeddable":true,"href":"https:\/\/promenade8.ch\/wordpress\/index.php\/wp-json\/wp\/v2\/comments?post=193"}],"version-history":[{"count":18,"href":"https:\/\/promenade8.ch\/wordpress\/index.php\/wp-json\/wp\/v2\/pages\/193\/revisions"}],"predecessor-version":[{"id":723,"href":"https:\/\/promenade8.ch\/wordpress\/index.php\/wp-json\/wp\/v2\/pages\/193\/revisions\/723"}],"up":[{"embeddable":true,"href":"https:\/\/promenade8.ch\/wordpress\/index.php\/wp-json\/wp\/v2\/pages\/26"}],"wp:attachment":[{"href":"https:\/\/promenade8.ch\/wordpress\/index.php\/wp-json\/wp\/v2\/media?parent=193"}],"curies":[{"name":"wp","href":"https:\/\/api.w.org\/{rel}","templated":true}]}}